{"id":34,"date":"2025-11-21T08:37:49","date_gmt":"2025-11-21T08:37:49","guid":{"rendered":"http:\/\/dirilisotoyolyardim.com\/?page_id=34"},"modified":"2025-11-21T16:51:19","modified_gmt":"2025-11-21T16:51:19","slug":"ana-sayfa","status":"publish","type":"page","link":"https:\/\/dirilisotoyolyardim.com\/","title":{"rendered":"Ana sayfa"},"content":{"rendered":"\n<div class=\"wp-block-cover alignfull wp-duotone-dark-grayscale\" style=\"padding-top:var(--wp--preset--spacing--30);padding-right:0;padding-bottom:var(--wp--preset--spacing--30);padding-left:0;min-height:800px;aspect-ratio:unset;\"><img decoding=\"async\" class=\"wp-block-cover__image-background\" alt=\"\" src=\"http:\/\/dirilisotoyolyardim.com\/wp-content\/themes\/neve\/assets\/img\/starter-content\/neve-hero-2.png\" style=\"object-position:6% 18%\" data-object-fit=\"cover\" data-object-position=\"6% 18%\"\/><span aria-hidden=\"true\" class=\"wp-block-cover__background has-background-dim-0 has-background-dim\"><\/span><div class=\"wp-block-cover__inner-container is-layout-flow wp-block-cover-is-layout-flow\">\n<div class=\"wp-block-columns are-vertically-aligned-center is-layout-flex wp-container-core-columns-is-layout-9d6595d7 wp-block-columns-is-layout-flex\">\n<div class=\"wp-block-column is-vertically-aligned-center is-layout-flow wp-block-column-is-layout-flow\" style=\"padding-right:var(--wp--preset--spacing--20);padding-left:var(--wp--preset--spacing--20);flex-basis:60%\">\n<div class=\"wp-block-columns is-layout-flex wp-container-core-columns-is-layout-9d6595d7 wp-block-columns-is-layout-flex\">\n<div class=\"wp-block-column is-vertically-aligned-top is-layout-flow wp-block-column-is-layout-flow\" style=\"flex-basis:50%\">\n<div class=\"wp-block-columns is-layout-flex wp-container-core-columns-is-layout-9d6595d7 wp-block-columns-is-layout-flex\">\n<div class=\"wp-block-column is-layout-flow wp-block-column-is-layout-flow\">\n<figure class=\"wp-block-image size-full is-resized\"><img loading=\"lazy\" decoding=\"async\" width=\"582\" height=\"327\" src=\"http:\/\/dirilisotoyolyardim.com\/wp-content\/uploads\/2025\/11\/11.png\" alt=\"\" class=\"wp-image-140\" style=\"width:331px;height:auto\" srcset=\"https:\/\/dirilisotoyolyardim.com\/wp-content\/uploads\/2025\/11\/11.png 582w, https:\/\/dirilisotoyolyardim.com\/wp-content\/uploads\/2025\/11\/11-300x169.png 300w\" sizes=\"auto, (max-width: 582px) 100vw, 582px\" \/><\/figure>\n<\/div>\n<\/div>\n<\/div>\n\n\n\n<div class=\"wp-block-column is-layout-flow wp-block-column-is-layout-flow\" style=\"flex-basis:50%\"><\/div>\n<\/div>\n\n\n\n<div class=\"wp-block-buttons is-horizontal is-content-justification-left is-layout-flex wp-container-core-buttons-is-layout-7e5fce0a wp-block-buttons-is-layout-flex\">\n<div class=\"wp-block-button is-style-primary\"><a class=\"wp-block-button__link has-nv-light-bg-color has-text-color has-background has-link-color wp-element-button\" href=\"https:\/\/wa.me\/+905067343453\" style=\"border-width:2px;background:linear-gradient(135deg,rgb(252,185,0) 0%,rgb(255,217,0) 100%)\">Konum G\u00f6nder<\/a><\/div>\n\n\n\n<div class=\"wp-block-button is-style-secondary\"><a class=\"wp-block-button__link has-nv-text-dark-bg-color has-text-color has-background has-link-color wp-element-button\" href=\"tel:\/\/+905067343453\" style=\"border-width:2px;background:linear-gradient(135deg,rgb(252,185,0) 0%,rgb(255,217,0) 100%)\">Bize Ula\u015f\u0131n<\/a><\/div>\n<\/div>\n\n\n\n<div style=\"height:19px\" aria-hidden=\"true\" class=\"wp-block-spacer\"><\/div>\n\n\n\n<h1 class=\"wp-block-heading has-text-align-left has-nv-text-dark-bg-color has-text-color\" style=\"font-size:55px\"><strong>D\u0130R\u0130L\u0130\u015e OTOYOL YARDIM<\/strong><\/h1>\n\n\n\n<p class=\"has-text-align-left has-nv-text-dark-bg-color has-text-color\" style=\"font-size:17px\">Yolda kald\u0131\u011f\u0131n\u0131z her an, g\u00fcvenilir bir deste\u011fe ihtiya\u00e7 duyars\u0131n\u0131z. <strong>Profesyonel Oto Yol Yard\u0131m hizmetimiz<\/strong>, 7\/24 kesintisiz destek anlay\u0131\u015f\u0131yla her durumda yan\u0131n\u0131zda. Ara\u00e7 ar\u0131zas\u0131, lastik patlamas\u0131, ak\u00fc bitmesi,  yak\u0131t t\u00fckenmesi, kaza sonras\u0131 \u00e7ekici ihtiyac\u0131 gibi t\u00fcm acil durumlarda, uzman ekibimiz en k\u0131sa s\u00fcrede  bulundu\u011funuz noktaya ula\u015f\u0131r.<\/p>\n\n\n\n<div style=\"height:143px\" aria-hidden=\"true\" class=\"wp-block-spacer\"><\/div>\n<\/div>\n\n\n\n<div class=\"wp-block-column is-vertically-aligned-center is-layout-flow wp-block-column-is-layout-flow\"><\/div>\n<\/div>\n<\/div><\/div>\n\n\n\n<p class=\"has-text-align-center has-x-large-font-size\"><strong>Dirili\u015f Oto Yard\u0131m<\/strong>\u00a0<\/p>\n\n\n\n<p class=\"has-text-align-center\" style=\"font-size:18px\">Ara\u00e7 Tiplerine G\u00f6re Profesyonel \u00c7ekici Hizmetleri<br>Kayar Kasa \u00c7ekici \u2013 G\u00fcvenli ve \u00c7iziksiz Ta\u015f\u0131ma<br>Sabit Kasa \u00c7ekici \u2013 Dayan\u0131kl\u0131, G\u00fc\u00e7l\u00fc ve Her Araca Uygun<br>Aparatl\u0131 zarars\u0131z \u00e7ekim<br>Ahtapot (Otopark \u00c7ekici) \u2013 Dar Alandan Bile Sorunsuz Al\u0131m<br>Vin\u00e7li Kurtar\u0131c\u0131 \u2013 Zor Durumlar\u0131n Profesyonel \u00c7\u00f6z\u00fcm\u00fc<br>Motosiklet \u00c7ekici \u2013 Motorlara \u00d6zel G\u00fcvenli Sabitleme<br><strong>Dirili\u015f Oto Yard\u0131m \u2013 \u201cHer Yol Dirili\u015f ile Ba\u015flar\u201d<\/strong><\/p>\n\n\n\n<p class=\"has-text-align-center\">\ud83d\udcde\u00a0<strong>7\/24 Acil Yol Yard\u0131m:<\/strong> +90 (506) 734 3453<br>\ud83d\ude9a<strong>\u00a0\u0130stanbul 7\/24 \u00c7ekici<\/strong><\/p>\n\n\n\n<p class=\"has-text-align-center\" style=\"font-size:24px\"><strong>Kayar kasa \u2022 Sabit kasa \u2022 Ahtapot \u2022 Vin\u00e7li \u2022\u00a0Moto\u00a0ta\u015f\u0131ma<\/strong><br>H\u0131zl\u0131, g\u00fcvenli, profesyonel yol yard\u0131m.<\/p>\n\n\n\n<div style=\"height:21px\" aria-hidden=\"true\" class=\"wp-block-spacer\"><\/div>\n\n\n\n<div class=\"wp-block-columns has-nv-dark-bg-color has-text-color has-link-color wp-elements-4fb8a6b3fc3a199da1f21a9fe1cf3cc9 is-layout-flex wp-container-core-columns-is-layout-d735db0d wp-block-columns-is-layout-flex\" style=\"border-style:none;border-width:0px;border-radius:22px;padding-top:0;padding-right:0;padding-bottom:0;padding-left:0\">\n<div class=\"wp-block-column is-layout-flow wp-block-column-is-layout-flow\">\n<ul class=\"wp-block-social-links has-huge-icon-size is-content-justification-center is-layout-flex wp-container-core-social-links-is-layout-a16da3bf wp-block-social-links-is-layout-flex\" style=\"padding-top:var(--wp--preset--spacing--50);padding-right:var(--wp--preset--spacing--80);padding-bottom:var(--wp--preset--spacing--50);padding-left:var(--wp--preset--spacing--80)\"><li class=\"wp-social-link wp-social-link-whatsapp  wp-block-social-link\"><a rel=\"noopener nofollow\" target=\"_blank\" href=\"https:\/\/wa.me\/+905067343453\" class=\"wp-block-social-link-anchor\"><svg width=\"24\" height=\"24\" viewBox=\"0 0 24 24\" version=\"1.1\" xmlns=\"http:\/\/www.w3.org\/2000\/svg\" aria-hidden=\"true\" focusable=\"false\"><path d=\"M 12.011719 2 C 6.5057187 2 2.0234844 6.478375 2.0214844 11.984375 C 2.0204844 13.744375 2.4814687 15.462563 3.3554688 16.976562 L 2 22 L 7.2324219 20.763672 C 8.6914219 21.559672 10.333859 21.977516 12.005859 21.978516 L 12.009766 21.978516 C 17.514766 21.978516 21.995047 17.499141 21.998047 11.994141 C 22.000047 9.3251406 20.962172 6.8157344 19.076172 4.9277344 C 17.190172 3.0407344 14.683719 2.001 12.011719 2 z M 12.009766 4 C 14.145766 4.001 16.153109 4.8337969 17.662109 6.3417969 C 19.171109 7.8517969 20.000047 9.8581875 19.998047 11.992188 C 19.996047 16.396187 16.413812 19.978516 12.007812 19.978516 C 10.674812 19.977516 9.3544062 19.642812 8.1914062 19.007812 L 7.5175781 18.640625 L 6.7734375 18.816406 L 4.8046875 19.28125 L 5.2851562 17.496094 L 5.5019531 16.695312 L 5.0878906 15.976562 C 4.3898906 14.768562 4.0204844 13.387375 4.0214844 11.984375 C 4.0234844 7.582375 7.6067656 4 12.009766 4 z M 8.4765625 7.375 C 8.3095625 7.375 8.0395469 7.4375 7.8105469 7.6875 C 7.5815469 7.9365 6.9355469 8.5395781 6.9355469 9.7675781 C 6.9355469 10.995578 7.8300781 12.182609 7.9550781 12.349609 C 8.0790781 12.515609 9.68175 15.115234 12.21875 16.115234 C 14.32675 16.946234 14.754891 16.782234 15.212891 16.740234 C 15.670891 16.699234 16.690438 16.137687 16.898438 15.554688 C 17.106437 14.971687 17.106922 14.470187 17.044922 14.367188 C 16.982922 14.263188 16.816406 14.201172 16.566406 14.076172 C 16.317406 13.951172 15.090328 13.348625 14.861328 13.265625 C 14.632328 13.182625 14.464828 13.140625 14.298828 13.390625 C 14.132828 13.640625 13.655766 14.201187 13.509766 14.367188 C 13.363766 14.534188 13.21875 14.556641 12.96875 14.431641 C 12.71875 14.305641 11.914938 14.041406 10.960938 13.191406 C 10.218937 12.530406 9.7182656 11.714844 9.5722656 11.464844 C 9.4272656 11.215844 9.5585938 11.079078 9.6835938 10.955078 C 9.7955938 10.843078 9.9316406 10.663578 10.056641 10.517578 C 10.180641 10.371578 10.223641 10.267562 10.306641 10.101562 C 10.389641 9.9355625 10.347156 9.7890625 10.285156 9.6640625 C 10.223156 9.5390625 9.737625 8.3065 9.515625 7.8125 C 9.328625 7.3975 9.131125 7.3878594 8.953125 7.3808594 C 8.808125 7.3748594 8.6425625 7.375 8.4765625 7.375 z\"><\/path><\/svg><span class=\"wp-block-social-link-label screen-reader-text\">WhatsApp<\/span><\/a><\/li>\n\n<li class=\"wp-social-link wp-social-link-instagram  wp-block-social-link\"><a rel=\"noopener nofollow\" target=\"_blank\" href=\"https:\/\/www.instagram.com\/dirilis_oto_yol_yardim\/\" class=\"wp-block-social-link-anchor\"><svg width=\"24\" height=\"24\" viewBox=\"0 0 24 24\" version=\"1.1\" xmlns=\"http:\/\/www.w3.org\/2000\/svg\" aria-hidden=\"true\" focusable=\"false\"><path d=\"M12,4.622c2.403,0,2.688,0.009,3.637,0.052c0.877,0.04,1.354,0.187,1.671,0.31c0.42,0.163,0.72,0.358,1.035,0.673 c0.315,0.315,0.51,0.615,0.673,1.035c0.123,0.317,0.27,0.794,0.31,1.671c0.043,0.949,0.052,1.234,0.052,3.637 s-0.009,2.688-0.052,3.637c-0.04,0.877-0.187,1.354-0.31,1.671c-0.163,0.42-0.358,0.72-0.673,1.035 c-0.315,0.315-0.615,0.51-1.035,0.673c-0.317,0.123-0.794,0.27-1.671,0.31c-0.949,0.043-1.233,0.052-3.637,0.052 s-2.688-0.009-3.637-0.052c-0.877-0.04-1.354-0.187-1.671-0.31c-0.42-0.163-0.72-0.358-1.035-0.673 c-0.315-0.315-0.51-0.615-0.673-1.035c-0.123-0.317-0.27-0.794-0.31-1.671C4.631,14.688,4.622,14.403,4.622,12 s0.009-2.688,0.052-3.637c0.04-0.877,0.187-1.354,0.31-1.671c0.163-0.42,0.358-0.72,0.673-1.035 c0.315-0.315,0.615-0.51,1.035-0.673c0.317-0.123,0.794-0.27,1.671-0.31C9.312,4.631,9.597,4.622,12,4.622 M12,3 C9.556,3,9.249,3.01,8.289,3.054C7.331,3.098,6.677,3.25,6.105,3.472C5.513,3.702,5.011,4.01,4.511,4.511 c-0.5,0.5-0.808,1.002-1.038,1.594C3.25,6.677,3.098,7.331,3.054,8.289C3.01,9.249,3,9.556,3,12c0,2.444,0.01,2.751,0.054,3.711 c0.044,0.958,0.196,1.612,0.418,2.185c0.23,0.592,0.538,1.094,1.038,1.594c0.5,0.5,1.002,0.808,1.594,1.038 c0.572,0.222,1.227,0.375,2.185,0.418C9.249,20.99,9.556,21,12,21s2.751-0.01,3.711-0.054c0.958-0.044,1.612-0.196,2.185-0.418 c0.592-0.23,1.094-0.538,1.594-1.038c0.5-0.5,0.808-1.002,1.038-1.594c0.222-0.572,0.375-1.227,0.418-2.185 C20.99,14.751,21,14.444,21,12s-0.01-2.751-0.054-3.711c-0.044-0.958-0.196-1.612-0.418-2.185c-0.23-0.592-0.538-1.094-1.038-1.594 c-0.5-0.5-1.002-0.808-1.594-1.038c-0.572-0.222-1.227-0.375-2.185-0.418C14.751,3.01,14.444,3,12,3L12,3z M12,7.378 c-2.552,0-4.622,2.069-4.622,4.622S9.448,16.622,12,16.622s4.622-2.069,4.622-4.622S14.552,7.378,12,7.378z M12,15 c-1.657,0-3-1.343-3-3s1.343-3,3-3s3,1.343,3,3S13.657,15,12,15z M16.804,6.116c-0.596,0-1.08,0.484-1.08,1.08 s0.484,1.08,1.08,1.08c0.596,0,1.08-0.484,1.08-1.08S17.401,6.116,16.804,6.116z\"><\/path><\/svg><span class=\"wp-block-social-link-label screen-reader-text\">Instagram<\/span><\/a><\/li><\/ul>\n\n\n\n<h3 class=\"wp-block-heading has-text-align-center\">Bize Ula\u015f\u0131n<\/h3>\n\n\n\n<p class=\"has-text-align-center\">+90 (506) 734 3453 | Pazartesi \u2013 Pazar<\/p>\n<\/div>\n\n\n\n<div class=\"wp-block-column is-layout-flow wp-block-column-is-layout-flow\"><div class=\"wp-block-image\">\n<figure class=\"aligncenter size-full is-resized\"><img loading=\"lazy\" decoding=\"async\" width=\"512\" height=\"512\" src=\"http:\/\/dirilisotoyolyardim.com\/wp-content\/uploads\/2025\/11\/5088218.png\" alt=\"\" class=\"wp-image-202\" style=\"width:111px;height:auto\" srcset=\"https:\/\/dirilisotoyolyardim.com\/wp-content\/uploads\/2025\/11\/5088218.png 512w, https:\/\/dirilisotoyolyardim.com\/wp-content\/uploads\/2025\/11\/5088218-300x300.png 300w, https:\/\/dirilisotoyolyardim.com\/wp-content\/uploads\/2025\/11\/5088218-150x150.png 150w\" sizes=\"auto, (max-width: 512px) 100vw, 512px\" \/><\/figure><\/div>\n\n\n<h3 class=\"wp-block-heading has-text-align-center\">Adres<\/h3>\n\n\n\n<p class=\"has-text-align-center\">Ak\u015femsettin Mah. Balipa\u015fa Cad. No103\/1 Fatih-\u0130stanbul<\/p>\n<\/div>\n<\/div>\n\n\n\n<div style=\"height:21px\" aria-hidden=\"true\" class=\"wp-block-spacer\"><\/div>\n\n\n\n<div class=\"wp-block-columns is-layout-flex wp-container-core-columns-is-layout-9d6595d7 wp-block-columns-is-layout-flex\">\n<div class=\"wp-block-column neve-duotone is-layout-flow wp-block-column-is-layout-flow\" style=\"padding-right:var(--wp--preset--spacing--30);padding-left:var(--wp--preset--spacing--30)\">\n<h3 class=\"wp-block-heading has-text-align-center has-neve-text-color-color has-text-color\"><strong>Neden Biz?<\/strong><\/h3>\n\n\n\n<p class=\"has-text-align-center\">7\/24 kesintisiz yol yard\u0131m deste\u011fi<br>\u2022 H\u0131zl\u0131 konum tespiti ve en yak\u0131n ekibin y\u00f6nlendirilmesi<br>\u2022 Profesyonel \u00e7ekici ve kurtarma hizmetleri<br>\u2022 Lastik, ak\u00fc, yak\u0131t deste\u011fi ve yerinde \u00e7\u00f6z\u00fcm imkanlar\u0131<br>\u2022 Uygun fiyat, g\u00fcvenilir hizmet, m\u00fc\u015fteri memnuniyeti odakl\u0131 yakla\u015f\u0131m<br>\u2022Ak\u00fc de\u011fi\u015fim , ak\u00fc takviyesi.<br><br>Yolculu\u011funuzda ne olursa olsun, yaln\u0131z de\u011filsiniz.<br><strong>Tek bir telefonla yan\u0131n\u0131zday\u0131z. G\u00fcvenle yola devam edin!<\/strong><\/p>\n\n\n\n<div style=\"height:20px\" aria-hidden=\"true\" class=\"wp-block-spacer\"><\/div>\n<\/div>\n<\/div>\n\n\n\n<div class=\"wp-block-cover alignfull\" style=\"min-height:600px;aspect-ratio:unset;\"><span aria-hidden=\"true\" class=\"wp-block-cover__background has-nv-light-bg-background-color has-background-dim-80 has-background-dim\"><\/span><div class=\"wp-block-cover__inner-container is-layout-flow wp-block-cover-is-layout-flow\">\n<div class=\"wp-block-group\"><div class=\"wp-block-group__inner-container is-layout-flow wp-block-group-is-layout-flow\">\n<div class=\"wp-block-columns is-layout-flex wp-container-core-columns-is-layout-9d6595d7 wp-block-columns-is-layout-flex\">\n<div class=\"wp-block-column is-layout-flow wp-block-column-is-layout-flow\" style=\"padding-right:0;padding-left:0;flex-basis:20%\">\n<div class=\"wp-block-group is-vertical is-content-justification-center is-layout-flex wp-container-core-group-is-layout-4b2eccd6 wp-block-group-is-layout-flex\"><\/div>\n<\/div>\n\n\n\n<div class=\"wp-block-column is-layout-flow wp-block-column-is-layout-flow\" style=\"flex-basis:60%\">\n<div class=\"wp-block-group is-vertical is-content-justification-center is-layout-flex wp-container-core-group-is-layout-4b2eccd6 wp-block-group-is-layout-flex\">\n<h2 class=\"wp-block-heading has-text-align-center has-neve-text-color-color has-text-color has-link-color wp-elements-f5f9a97fb6099f60af5028f45b4f27ae\">\u00c7al\u0131\u015fmalar\u0131m\u0131z<\/h2>\n\n\n\n<p class=\"has-text-align-center has-neve-text-color-color has-text-color has-link-color wp-elements-e074feb53a8e512db3a2ae191b7018f2\"><br>Geni\u015f hizmet a\u011f\u0131m\u0131z ve h\u0131zl\u0131 m\u00fcdahale kabiliyetimiz sayesinde, yolda ge\u00e7en zaman\u0131 minimuma indirir; g\u00fcvenli ve konforlu bir \u015fekilde yolculu\u011funuza devam etmenizi sa\u011flar\u0131z. Modern ekipmanlar\u0131m\u0131z ve deneyimli personelimiz ile arac\u0131n\u0131za g\u00fcvenle m\u00fcdahale ederken, sizlere tamamen <strong>\u015feffaf, h\u0131zl\u0131 ve ekonomik<\/strong> \u00e7\u00f6z\u00fcmler sunuyoruz.<\/p>\n\n\n\n<div style=\"height:0px\" aria-hidden=\"true\" class=\"wp-block-spacer wp-container-content-541a6b20\"><\/div>\n<\/div>\n<\/div>\n\n\n\n<div class=\"wp-block-column is-layout-flow wp-block-column-is-layout-flow\" style=\"flex-basis:20%\">\n<div class=\"wp-block-group is-vertical is-content-justification-center is-layout-flex wp-container-core-group-is-layout-4b2eccd6 wp-block-group-is-layout-flex\"><\/div>\n<\/div>\n<\/div>\n\n\n\n<div class=\"wp-block-columns are-vertically-aligned-center is-layout-flex wp-container-core-columns-is-layout-9d6595d7 wp-block-columns-is-layout-flex\">\n<div class=\"wp-block-column is-vertically-aligned-center is-layout-flow wp-block-column-is-layout-flow\" style=\"padding-right:var(--wp--preset--spacing--30);padding-left:var(--wp--preset--spacing--30);flex-basis:50%\">\n<figure class=\"wp-block-image size-full has-custom-border\"><img loading=\"lazy\" decoding=\"async\" width=\"1200\" height=\"1600\" src=\"http:\/\/dirilisotoyolyardim.com\/wp-content\/uploads\/2025\/11\/01CE5FDF-CE39-442E-9890-5F9039C86986.jpg\" alt=\"\" class=\"wp-image-167\" style=\"border-radius:16px;aspect-ratio:3\/2;object-fit:cover\" srcset=\"https:\/\/dirilisotoyolyardim.com\/wp-content\/uploads\/2025\/11\/01CE5FDF-CE39-442E-9890-5F9039C86986.jpg 1200w, https:\/\/dirilisotoyolyardim.com\/wp-content\/uploads\/2025\/11\/01CE5FDF-CE39-442E-9890-5F9039C86986-225x300.jpg 225w, https:\/\/dirilisotoyolyardim.com\/wp-content\/uploads\/2025\/11\/01CE5FDF-CE39-442E-9890-5F9039C86986-768x1024.jpg 768w, https:\/\/dirilisotoyolyardim.com\/wp-content\/uploads\/2025\/11\/01CE5FDF-CE39-442E-9890-5F9039C86986-1152x1536.jpg 1152w\" sizes=\"auto, (max-width: 1200px) 100vw, 1200px\" \/><\/figure>\n\n\n\n<h3 class=\"wp-block-heading has-text-align-center has-neve-text-color-color has-text-color\"><\/h3>\n\n\n\n<div style=\"height:40px\" aria-hidden=\"true\" class=\"wp-block-spacer\"><\/div>\n<\/div>\n\n\n\n<div class=\"wp-block-column is-vertically-aligned-center is-layout-flow wp-block-column-is-layout-flow\" style=\"padding-right:var(--wp--preset--spacing--30);padding-left:var(--wp--preset--spacing--30);flex-basis:50%\">\n<figure class=\"wp-block-image size-full has-custom-border\"><img loading=\"lazy\" decoding=\"async\" width=\"1600\" height=\"1313\" src=\"http:\/\/dirilisotoyolyardim.com\/wp-content\/uploads\/2025\/11\/25C2C4E9-E9D3-4761-BBB2-7BC979EE661D.jpg\" alt=\"\" class=\"wp-image-166\" style=\"border-radius:16px;aspect-ratio:3\/2;object-fit:cover\" srcset=\"https:\/\/dirilisotoyolyardim.com\/wp-content\/uploads\/2025\/11\/25C2C4E9-E9D3-4761-BBB2-7BC979EE661D.jpg 1600w, https:\/\/dirilisotoyolyardim.com\/wp-content\/uploads\/2025\/11\/25C2C4E9-E9D3-4761-BBB2-7BC979EE661D-300x246.jpg 300w, https:\/\/dirilisotoyolyardim.com\/wp-content\/uploads\/2025\/11\/25C2C4E9-E9D3-4761-BBB2-7BC979EE661D-1024x840.jpg 1024w, https:\/\/dirilisotoyolyardim.com\/wp-content\/uploads\/2025\/11\/25C2C4E9-E9D3-4761-BBB2-7BC979EE661D-768x630.jpg 768w, https:\/\/dirilisotoyolyardim.com\/wp-content\/uploads\/2025\/11\/25C2C4E9-E9D3-4761-BBB2-7BC979EE661D-1536x1260.jpg 1536w\" sizes=\"auto, (max-width: 1600px) 100vw, 1600px\" \/><\/figure>\n\n\n\n<h3 class=\"wp-block-heading has-text-align-center has-neve-text-color-color has-text-color\"><\/h3>\n\n\n\n<div style=\"height:40px\" aria-hidden=\"true\" class=\"wp-block-spacer\"><\/div>\n<\/div>\n<\/div>\n\n\n\n<div class=\"wp-block-columns are-vertically-aligned-center is-layout-flex wp-container-core-columns-is-layout-9d6595d7 wp-block-columns-is-layout-flex\">\n<div class=\"wp-block-column is-vertically-aligned-center is-layout-flow wp-block-column-is-layout-flow\" style=\"padding-right:var(--wp--preset--spacing--30);padding-left:var(--wp--preset--spacing--30);flex-basis:50%\">\n<figure class=\"wp-block-image size-full has-custom-border\"><img loading=\"lazy\" decoding=\"async\" width=\"1024\" height=\"768\" src=\"http:\/\/dirilisotoyolyardim.com\/wp-content\/uploads\/2025\/11\/Kayar-Kasa-Cekici.jpg\" alt=\"\" class=\"wp-image-168\" style=\"border-radius:16px;aspect-ratio:3\/2;object-fit:cover\" srcset=\"https:\/\/dirilisotoyolyardim.com\/wp-content\/uploads\/2025\/11\/Kayar-Kasa-Cekici.jpg 1024w, https:\/\/dirilisotoyolyardim.com\/wp-content\/uploads\/2025\/11\/Kayar-Kasa-Cekici-300x225.jpg 300w, https:\/\/dirilisotoyolyardim.com\/wp-content\/uploads\/2025\/11\/Kayar-Kasa-Cekici-768x576.jpg 768w\" sizes=\"auto, (max-width: 1024px) 100vw, 1024px\" \/><\/figure>\n\n\n\n<h3 class=\"wp-block-heading has-text-align-center has-neve-text-color-color has-text-color\">Kayar Kasa \u00c7ekici<\/h3>\n\n\n\n<div style=\"height:40px\" aria-hidden=\"true\" class=\"wp-block-spacer\"><\/div>\n<\/div>\n\n\n\n<div class=\"wp-block-column is-vertically-aligned-center is-layout-flow wp-block-column-is-layout-flow\" style=\"padding-right:var(--wp--preset--spacing--30);padding-left:var(--wp--preset--spacing--30);flex-basis:50%\">\n<figure class=\"wp-block-image size-full has-custom-border\"><img loading=\"lazy\" decoding=\"async\" width=\"670\" height=\"447\" src=\"http:\/\/dirilisotoyolyardim.com\/wp-content\/uploads\/2025\/11\/Ahtapot-Cekici.jpg\" alt=\"\" class=\"wp-image-170\" style=\"border-radius:16px;aspect-ratio:3\/2;object-fit:cover\" srcset=\"https:\/\/dirilisotoyolyardim.com\/wp-content\/uploads\/2025\/11\/Ahtapot-Cekici.jpg 670w, https:\/\/dirilisotoyolyardim.com\/wp-content\/uploads\/2025\/11\/Ahtapot-Cekici-300x200.jpg 300w\" sizes=\"auto, (max-width: 670px) 100vw, 670px\" \/><\/figure>\n\n\n\n<h3 class=\"wp-block-heading has-text-align-center has-neve-text-color-color has-text-color\">Ahtapot \u00c7ekici<\/h3>\n\n\n\n<div style=\"height:40px\" aria-hidden=\"true\" class=\"wp-block-spacer\"><\/div>\n<\/div>\n<\/div>\n\n\n\n<div class=\"wp-block-columns are-vertically-aligned-center is-layout-flex wp-container-core-columns-is-layout-9d6595d7 wp-block-columns-is-layout-flex\">\n<div class=\"wp-block-column is-vertically-aligned-center is-layout-flow wp-block-column-is-layout-flow\" style=\"padding-right:var(--wp--preset--spacing--30);padding-left:var(--wp--preset--spacing--30);flex-basis:50%\">\n<figure class=\"wp-block-image size-full has-custom-border\"><img loading=\"lazy\" decoding=\"async\" width=\"1385\" height=\"1547\" src=\"http:\/\/dirilisotoyolyardim.com\/wp-content\/uploads\/2025\/11\/Kazali-Arac-Cekici.jpg\" alt=\"\" class=\"wp-image-171\" style=\"border-radius:16px;aspect-ratio:3\/2;object-fit:cover\" srcset=\"https:\/\/dirilisotoyolyardim.com\/wp-content\/uploads\/2025\/11\/Kazali-Arac-Cekici.jpg 1385w, https:\/\/dirilisotoyolyardim.com\/wp-content\/uploads\/2025\/11\/Kazali-Arac-Cekici-269x300.jpg 269w, https:\/\/dirilisotoyolyardim.com\/wp-content\/uploads\/2025\/11\/Kazali-Arac-Cekici-917x1024.jpg 917w, https:\/\/dirilisotoyolyardim.com\/wp-content\/uploads\/2025\/11\/Kazali-Arac-Cekici-768x858.jpg 768w, https:\/\/dirilisotoyolyardim.com\/wp-content\/uploads\/2025\/11\/Kazali-Arac-Cekici-1375x1536.jpg 1375w\" sizes=\"auto, (max-width: 1385px) 100vw, 1385px\" \/><\/figure>\n\n\n\n<h3 class=\"wp-block-heading has-text-align-center has-neve-text-color-color has-text-color\">Kazal\u0131 Ara\u00e7 \u00c7ekici<\/h3>\n\n\n\n<div style=\"height:40px\" aria-hidden=\"true\" class=\"wp-block-spacer\"><\/div>\n<\/div>\n\n\n\n<div class=\"wp-block-column is-vertically-aligned-center is-layout-flow wp-block-column-is-layout-flow\" style=\"padding-right:var(--wp--preset--spacing--30);padding-left:var(--wp--preset--spacing--30);flex-basis:50%\">\n<figure class=\"wp-block-image size-full has-custom-border\"><img loading=\"lazy\" decoding=\"async\" width=\"2048\" height=\"1536\" src=\"http:\/\/dirilisotoyolyardim.com\/wp-content\/uploads\/2025\/11\/Agir-Ticari-Cekici-1.jpg\" alt=\"\" class=\"wp-image-174\" style=\"border-radius:16px;aspect-ratio:3\/2;object-fit:cover\" srcset=\"https:\/\/dirilisotoyolyardim.com\/wp-content\/uploads\/2025\/11\/Agir-Ticari-Cekici-1.jpg 2048w, https:\/\/dirilisotoyolyardim.com\/wp-content\/uploads\/2025\/11\/Agir-Ticari-Cekici-1-300x225.jpg 300w, https:\/\/dirilisotoyolyardim.com\/wp-content\/uploads\/2025\/11\/Agir-Ticari-Cekici-1-1024x768.jpg 1024w, https:\/\/dirilisotoyolyardim.com\/wp-content\/uploads\/2025\/11\/Agir-Ticari-Cekici-1-768x576.jpg 768w, https:\/\/dirilisotoyolyardim.com\/wp-content\/uploads\/2025\/11\/Agir-Ticari-Cekici-1-1536x1152.jpg 1536w\" sizes=\"auto, (max-width: 2048px) 100vw, 2048px\" \/><\/figure>\n\n\n\n<h3 class=\"wp-block-heading has-text-align-center has-neve-text-color-color has-text-color\">A\u011f\u0131r Ticari \u00c7ekici<\/h3>\n\n\n\n<div style=\"height:40px\" aria-hidden=\"true\" class=\"wp-block-spacer\"><\/div>\n<\/div>\n<\/div>\n<\/div><\/div>\n<\/div><\/div>\n","protected":false},"excerpt":{"rendered":"<p>Dirili\u015f Oto Yard\u0131m\u00a0 Ara\u00e7 Tiplerine G\u00f6re Profesyonel \u00c7ekici HizmetleriKayar Kasa \u00c7ekici \u2013 G\u00fcvenli ve \u00c7iziksiz Ta\u015f\u0131maSabit Kasa \u00c7ekici \u2013 Dayan\u0131kl\u0131, G\u00fc\u00e7l\u00fc ve Her Araca UygunAparatl\u0131 zarars\u0131z \u00e7ekimAhtapot (Otopark \u00c7ekici) \u2013 Dar Alandan Bile Sorunsuz Al\u0131mVin\u00e7li Kurtar\u0131c\u0131 \u2013 Zor Durumlar\u0131n Profesyonel \u00c7\u00f6z\u00fcm\u00fcMotosiklet \u00c7ekici \u2013 Motorlara \u00d6zel G\u00fcvenli SabitlemeDirili\u015f Oto Yard\u0131m \u2013 \u201cHer Yol Dirili\u015f ile Ba\u015flar\u201d&hellip;&nbsp;<\/p>\n","protected":false},"author":1,"featured_media":0,"parent":0,"menu_order":0,"comment_status":"closed","ping_status":"closed","template":"","meta":{"neve_meta_sidebar":"","neve_meta_container":"","neve_meta_enable_content_width":"on","neve_meta_content_width":100,"neve_meta_title_alignment":"","neve_meta_author_avatar":"","neve_post_elements_order":"","neve_meta_disable_header":"","neve_meta_disable_footer":"","neve_meta_disable_title":"on","footnotes":""},"class_list":["post-34","page","type-page","status-publish","hentry"],"_links":{"self":[{"href":"https:\/\/dirilisotoyolyardim.com\/index.php?rest_route=\/wp\/v2\/pages\/34","targetHints":{"allow":["GET"]}}],"collection":[{"href":"https:\/\/dirilisotoyolyardim.com\/index.php?rest_route=\/wp\/v2\/pages"}],"about":[{"href":"https:\/\/dirilisotoyolyardim.com\/index.php?rest_route=\/wp\/v2\/types\/page"}],"author":[{"embeddable":true,"href":"https:\/\/dirilisotoyolyardim.com\/index.php?rest_route=\/wp\/v2\/users\/1"}],"replies":[{"embeddable":true,"href":"https:\/\/dirilisotoyolyardim.com\/index.php?rest_route=%2Fwp%2Fv2%2Fcomments&post=34"}],"version-history":[{"count":88,"href":"https:\/\/dirilisotoyolyardim.com\/index.php?rest_route=\/wp\/v2\/pages\/34\/revisions"}],"predecessor-version":[{"id":204,"href":"https:\/\/dirilisotoyolyardim.com\/index.php?rest_route=\/wp\/v2\/pages\/34\/revisions\/204"}],"wp:attachment":[{"href":"https:\/\/dirilisotoyolyardim.com\/index.php?rest_route=%2Fwp%2Fv2%2Fmedia&parent=34"}],"curies":[{"name":"wp","href":"https:\/\/api.w.org\/{rel}","templated":true}]}}