{"id":35,"date":"2025-11-21T08:37:49","date_gmt":"2025-11-21T08:37:49","guid":{"rendered":"http:\/\/dirilisotoyolyardim.com\/?page_id=35"},"modified":"2025-11-21T09:22:31","modified_gmt":"2025-11-21T09:22:31","slug":"hakkinda","status":"publish","type":"page","link":"https:\/\/dirilisotoyolyardim.com\/?page_id=35","title":{"rendered":"Hakk\u0131nda"},"content":{"rendered":"\n<div class=\"wp-block-cover alignfull\" style=\"min-height:320px;aspect-ratio:unset;\"><span aria-hidden=\"true\" class=\"wp-block-cover__background has-nv-site-bg-background-color has-background-dim-100 has-background-dim\"><\/span><div class=\"wp-block-cover__inner-container is-layout-flow wp-block-cover-is-layout-flow\">\n<div class=\"wp-block-group\" style=\"padding-right:var(--wp--preset--spacing--30);padding-left:var(--wp--preset--spacing--30)\"><div class=\"wp-block-group__inner-container is-layout-flow wp-block-group-is-layout-flow\">\n<h1 class=\"wp-block-heading has-text-align-left has-neve-text-color-color has-text-color\">Hakk\u0131nda<\/h1>\n<\/div><\/div>\n<\/div><\/div>\n\n\n\n<div class=\"wp-block-cover alignfull\" style=\"min-height:600px;aspect-ratio:unset;\"><span aria-hidden=\"true\" class=\"wp-block-cover__background has-nv-light-bg-background-color has-background-dim-100 has-background-dim\"><\/span><div class=\"wp-block-cover__inner-container is-layout-flow wp-block-cover-is-layout-flow\">\n<div class=\"wp-block-group\"><div class=\"wp-block-group__inner-container is-layout-flow wp-block-group-is-layout-flow\">\n<div style=\"height:80px\" aria-hidden=\"true\" class=\"wp-block-spacer\"><\/div>\n\n\n\n<div class=\"wp-block-columns are-vertically-aligned-center has-neve-text-color-color has-text-color is-layout-flex wp-container-core-columns-is-layout-9d6595d7 wp-block-columns-is-layout-flex\">\n<div class=\"wp-block-column is-vertically-aligned-center is-layout-flow wp-block-column-is-layout-flow\" style=\"padding-right:var(--wp--preset--spacing--30);padding-left:var(--wp--preset--spacing--30);flex-basis:50%\">\n<figure class=\"wp-block-image size-full has-custom-border\"><img loading=\"lazy\" decoding=\"async\" width=\"2560\" height=\"1429\" src=\"http:\/\/dirilisotoyolyardim.com\/wp-content\/uploads\/2025\/11\/Gemini_Generated_Image_ubmw4cubmw4cubmw-1-scaled.jpeg\" alt=\"\" class=\"wp-image-68\" style=\"border-radius:16px;aspect-ratio:3\/2;object-fit:cover\" srcset=\"https:\/\/dirilisotoyolyardim.com\/wp-content\/uploads\/2025\/11\/Gemini_Generated_Image_ubmw4cubmw4cubmw-1-scaled.jpeg 2560w, https:\/\/dirilisotoyolyardim.com\/wp-content\/uploads\/2025\/11\/Gemini_Generated_Image_ubmw4cubmw4cubmw-1-300x167.jpeg 300w, https:\/\/dirilisotoyolyardim.com\/wp-content\/uploads\/2025\/11\/Gemini_Generated_Image_ubmw4cubmw4cubmw-1-1024x572.jpeg 1024w, https:\/\/dirilisotoyolyardim.com\/wp-content\/uploads\/2025\/11\/Gemini_Generated_Image_ubmw4cubmw4cubmw-1-768x429.jpeg 768w, https:\/\/dirilisotoyolyardim.com\/wp-content\/uploads\/2025\/11\/Gemini_Generated_Image_ubmw4cubmw4cubmw-1-1536x857.jpeg 1536w, https:\/\/dirilisotoyolyardim.com\/wp-content\/uploads\/2025\/11\/Gemini_Generated_Image_ubmw4cubmw4cubmw-1-2048x1143.jpeg 2048w\" sizes=\"auto, (max-width: 2560px) 100vw, 2560px\" \/><\/figure>\n<\/div>\n\n\n\n<div class=\"wp-block-column is-vertically-aligned-center is-layout-flow wp-block-column-is-layout-flow\" style=\"padding-top:0;padding-right:var(--wp--preset--spacing--30);padding-bottom:0;padding-left:var(--wp--preset--spacing--30);flex-basis:50%\">\n<h2 class=\"wp-block-heading has-neve-text-color-color has-text-color\"><strong>Neden Biz?<\/strong><\/h2>\n\n\n\n<p class=\"has-neve-text-color-color has-text-color\">\u2022 7\/24 kesintisiz yol yard\u0131m deste\u011fi<br>\u2022 H\u0131zl\u0131 konum tespiti ve en yak\u0131n ekibin y\u00f6nlendirilmesi<br>\u2022 Profesyonel \u00e7ekici ve kurtarma hizmetleri<br>\u2022 Lastik, ak\u00fc, yak\u0131t deste\u011fi ve yerinde \u00e7\u00f6z\u00fcm imkanlar\u0131<br>\u2022 Uygun fiyat, g\u00fcvenilir hizmet, m\u00fc\u015fteri memnuniyeti odakl\u0131 yakla\u015f\u0131m<br>\u2022 Ak\u00fc de\u011fi\u015fim , ak\u00fc takviyesi.<\/p>\n<\/div>\n<\/div>\n\n\n\n<p class=\"has-text-align-center has-large-font-size\"><\/p>\n<\/div><\/div>\n<\/div><\/div>\n","protected":false},"excerpt":{"rendered":"","protected":false},"author":1,"featured_media":0,"parent":0,"menu_order":0,"comment_status":"closed","ping_status":"closed","template":"","meta":{"neve_meta_sidebar":"","neve_meta_container":"","neve_meta_enable_content_width":"on","neve_meta_content_width":100,"neve_meta_title_alignment":"","neve_meta_author_avatar":"","neve_post_elements_order":"","neve_meta_disable_header":"","neve_meta_disable_footer":"","neve_meta_disable_title":"on","footnotes":""},"class_list":["post-35","page","type-page","status-publish","hentry"],"_links":{"self":[{"href":"https:\/\/dirilisotoyolyardim.com\/index.php?rest_route=\/wp\/v2\/pages\/35","targetHints":{"allow":["GET"]}}],"collection":[{"href":"https:\/\/dirilisotoyolyardim.com\/index.php?rest_route=\/wp\/v2\/pages"}],"about":[{"href":"https:\/\/dirilisotoyolyardim.com\/index.php?rest_route=\/wp\/v2\/types\/page"}],"author":[{"embeddable":true,"href":"https:\/\/dirilisotoyolyardim.com\/index.php?rest_route=\/wp\/v2\/users\/1"}],"replies":[{"embeddable":true,"href":"https:\/\/dirilisotoyolyardim.com\/index.php?rest_route=%2Fwp%2Fv2%2Fcomments&post=35"}],"version-history":[{"count":2,"href":"https:\/\/dirilisotoyolyardim.com\/index.php?rest_route=\/wp\/v2\/pages\/35\/revisions"}],"predecessor-version":[{"id":80,"href":"https:\/\/dirilisotoyolyardim.com\/index.php?rest_route=\/wp\/v2\/pages\/35\/revisions\/80"}],"wp:attachment":[{"href":"https:\/\/dirilisotoyolyardim.com\/index.php?rest_route=%2Fwp%2Fv2%2Fmedia&parent=35"}],"curies":[{"name":"wp","href":"https:\/\/api.w.org\/{rel}","templated":true}]}}